{"id":209,"date":"2023-08-06T02:32:20","date_gmt":"2023-08-06T02:32:20","guid":{"rendered":"https:\/\/xn--cergyboxefranaise-msb.fr\/?page_id=209"},"modified":"2026-01-04T20:12:56","modified_gmt":"2026-01-04T20:12:56","slug":"faq","status":"publish","type":"page","link":"https:\/\/xn--cergyboxefranaise-msb.fr\/home\/faq\/","title":{"rendered":"FAQ"},"content":{"rendered":"\t\t<div data-elementor-type=\"wp-page\" data-elementor-id=\"209\" class=\"elementor elementor-209\">\n\t\t\t\t\t\t\t\t\t<section class=\"elementor-section elementor-top-section elementor-element elementor-element-d78875f elementor-section-boxed elementor-section-height-default elementor-section-height-default\" data-id=\"d78875f\" data-element_type=\"section\" data-settings=\"{&quot;background_background&quot;:&quot;classic&quot;}\">\n\t\t\t\t\t\t\t<div class=\"elementor-background-overlay\"><\/div>\n\t\t\t\t\t\t\t<div class=\"elementor-container elementor-column-gap-default\">\n\t\t\t\t\t<div class=\"elementor-column elementor-col-100 elementor-top-column elementor-element elementor-element-b388a10\" data-id=\"b388a10\" data-element_type=\"column\" data-settings=\"{&quot;background_background&quot;:&quot;classic&quot;}\">\n\t\t\t<div class=\"elementor-widget-wrap elementor-element-populated\">\n\t\t\t\t\t\t\t\t<div class=\"elementor-element elementor-element-40613af6 elementor-widget elementor-widget-heading\" data-id=\"40613af6\" data-element_type=\"widget\" data-widget_type=\"heading.default\">\n\t\t\t\t<div class=\"elementor-widget-container\">\n\t\t\t<style>\/*! elementor - v3.15.0 - 20-08-2023 *\/\n.elementor-heading-title{padding:0;margin:0;line-height:1}.elementor-widget-heading .elementor-heading-title[class*=elementor-size-]>a{color:inherit;font-size:inherit;line-height:inherit}.elementor-widget-heading .elementor-heading-title.elementor-size-small{font-size:15px}.elementor-widget-heading .elementor-heading-title.elementor-size-medium{font-size:19px}.elementor-widget-heading .elementor-heading-title.elementor-size-large{font-size:29px}.elementor-widget-heading .elementor-heading-title.elementor-size-xl{font-size:39px}.elementor-widget-heading .elementor-heading-title.elementor-size-xxl{font-size:59px}<\/style><h2 class=\"elementor-heading-title elementor-size-default\">FAQ<\/h2>\t\t<\/div>\n\t\t\t\t<\/div>\n\t\t\t\t<div class=\"elementor-element elementor-element-73a490db elementor-icon-list--layout-inline elementor-align-center elementor-list-item-link-full_width elementor-widget elementor-widget-icon-list\" data-id=\"73a490db\" data-element_type=\"widget\" data-widget_type=\"icon-list.default\">\n\t\t\t\t<div class=\"elementor-widget-container\">\n\t\t\t<link rel=\"stylesheet\" href=\"https:\/\/xn--cergyboxefranaise-msb.fr\/wp-content\/plugins\/elementor\/assets\/css\/widget-icon-list.min.css\">\t\t<ul class=\"elementor-icon-list-items elementor-inline-items\">\n\t\t\t\t\t\t\t<li class=\"elementor-icon-list-item elementor-inline-item\">\n\t\t\t\t\t\t\t\t\t\t\t<a href=\"\/home\">\n\n\t\t\t\t\t\t\t\t\t\t\t<span class=\"elementor-icon-list-text\">Home<\/span>\n\t\t\t\t\t\t\t\t\t\t\t<\/a>\n\t\t\t\t\t\t\t\t\t<\/li>\n\t\t\t\t\t\t\t\t<li class=\"elementor-icon-list-item elementor-inline-item\">\n\t\t\t\t\t\t\t\t\t\t\t<span class=\"elementor-icon-list-icon\">\n\t\t\t\t\t\t\t<i aria-hidden=\"true\" class=\"fas fa-chevron-right\"><\/i>\t\t\t\t\t\t<\/span>\n\t\t\t\t\t\t\t\t\t\t<span class=\"elementor-icon-list-text\">FAQ<\/span>\n\t\t\t\t\t\t\t\t\t<\/li>\n\t\t\t\t\t\t<\/ul>\n\t\t\t\t<\/div>\n\t\t\t\t<\/div>\n\t\t\t\t\t<\/div>\n\t\t<\/div>\n\t\t\t\t\t\t\t<\/div>\n\t\t<\/section>\n\t\t\t\t<section class=\"elementor-section elementor-top-section elementor-element elementor-element-2f8fbf1d elementor-section-boxed elementor-section-height-default elementor-section-height-default\" data-id=\"2f8fbf1d\" data-element_type=\"section\" data-settings=\"{&quot;background_background&quot;:&quot;classic&quot;}\">\n\t\t\t\t\t\t<div class=\"elementor-container elementor-column-gap-default\">\n\t\t\t\t\t<div class=\"elementor-column elementor-col-100 elementor-top-column elementor-element elementor-element-4fb2393b\" data-id=\"4fb2393b\" data-element_type=\"column\">\n\t\t\t<div class=\"elementor-widget-wrap elementor-element-populated\">\n\t\t\t\t\t\t\t\t<div class=\"elementor-element elementor-element-be45af elementor-widget elementor-widget-heading\" data-id=\"be45af\" data-element_type=\"widget\" data-widget_type=\"heading.default\">\n\t\t\t\t<div class=\"elementor-widget-container\">\n\t\t\t<h3 class=\"elementor-heading-title elementor-size-small\">Foire Aux Questions<\/h3>\t\t<\/div>\n\t\t\t\t<\/div>\n\t\t\t\t<section class=\"elementor-section elementor-inner-section elementor-element elementor-element-31e29c1c elementor-section-boxed elementor-section-height-default elementor-section-height-default\" data-id=\"31e29c1c\" data-element_type=\"section\">\n\t\t\t\t\t\t<div class=\"elementor-container elementor-column-gap-no\">\n\t\t\t\t\t<div class=\"elementor-column elementor-col-50 elementor-inner-column elementor-element elementor-element-5a8af34d\" data-id=\"5a8af34d\" data-element_type=\"column\">\n\t\t\t<div class=\"elementor-widget-wrap elementor-element-populated\">\n\t\t\t\t\t\t\t\t<div class=\"elementor-element elementor-element-4930c631 elementor-widget elementor-widget-jkit_accordion\" data-id=\"4930c631\" data-element_type=\"widget\" data-widget_type=\"jkit_accordion.default\">\n\t\t\t\t<div class=\"elementor-widget-container\">\n\t\t\t<div  class=\"jeg-elementor-kit jkit-accordion style-shadow jeg_module___69d8182fa3f85\" ><div class=\"card-wrapper \">\n                <div class=\"card-header\">\n                    <a href=\"#expand-8fab880\" class=\"card-header-button\" aria-expanded=\"false\" data-target=\"#expand-8fab880\" aria-controls=\"expand-8fab880\">\n                        <span class=\"title\">Quand faut-il\u00a0venir pour les cours\u00a0?<\/span><div class=\"right-icon-group\">\n                <div class=\"normal-icon\"><i aria-hidden=\"true\" class=\"fas fa-chevron-down\"><\/i><\/div>\n                <div class=\"active-icon\"><i aria-hidden=\"true\" class=\"fas fa-chevron-up\"><\/i><\/div>\n            <\/div>\n                    <\/a>\n                <\/div>\n                <div class=\"card-expand\" id=\"expand-8fab880\" style=\"display:none\"><div class=\"card-body\"><p>Il faut venir environ 15 min avant le d\u00e9but du cours, pour\u00a0pouvoir se changer si besoin dans les vestiaires.<\/p><\/div><\/div>\n            <\/div><div class=\"card-wrapper \">\n                <div class=\"card-header\">\n                    <a href=\"#expand-3df2d23\" class=\"card-header-button\" aria-expanded=\"false\" data-target=\"#expand-3df2d23\" aria-controls=\"expand-3df2d23\">\n                        <span class=\"title\">A quelle\u00a0heure sont les cours\u00a0?<\/span><div class=\"right-icon-group\">\n                <div class=\"normal-icon\"><i aria-hidden=\"true\" class=\"fas fa-chevron-down\"><\/i><\/div>\n                <div class=\"active-icon\"><i aria-hidden=\"true\" class=\"fas fa-chevron-up\"><\/i><\/div>\n            <\/div>\n                    <\/a>\n                <\/div>\n                <div class=\"card-expand\" id=\"expand-3df2d23\" style=\"display:none\"><div class=\"card-body\"><ul><li>Cours Boxe Fran\u00e7aise adultes loisirs :\u00a0 lundi, mercredi et jeudi de 20h \u00e0 22h.<\/li><li>Cours Boxe Fran\u00e7aise adultes comp\u00e9titeurs : mardi de 20h \u00e0 22h.<\/li><li>Cours Kick Boxing : samedi de 12h \u00e0 13h30<\/li><li>Cours Cardio\/Renforcement musculaire adultes : vendredi de 20h \u00e0 21h30.<\/li><li>Cours Ado loisirs : mercredi et jeudi de 18h30 \u00e0 20h, et samedi de 15h30 \u00e0 17h.<\/li><li>Cours Ado comp\u00e9titeurs : jeudi de 18h30 \u00e0 20h, et samedi de 15h30 \u00e0 17h.<\/li><li>Cours Enfants loisirs : mercredi de 17h30 \u00e0 18h30 et samedi de 14h30 \u00e0 15h30.<\/li><li>Cours Enfants comp\u00e9titeurs : samedi de 14h30 \u00e0 15h30<\/li><li>Cours Baby : samedi de 13h30 \u00e0 14h30.<\/li><li>Cours Savate au f\u00e9minin : mardi de 20h \u00e0 21h30 (savate forme), mercredi de 20h \u00e0 21h30 (boxe fran\u00e7aise) et vendredi de 18h30 \u00e0 20h (savate forme).<\/li><li>Cours Savate pour tous : mardi de 18h \u00e0 19h.<\/li><li>Cours Parents\/enfants : mardi de 19h \u00e0 20h.<\/li><\/ul><\/div><\/div>\n            <\/div><div class=\"card-wrapper expand\">\n                <div class=\"card-header\">\n                    <a href=\"#expand-34c3ab0\" class=\"card-header-button\" aria-expanded=\"false\" data-target=\"#expand-34c3ab0\" aria-controls=\"expand-34c3ab0\">\n                        <span class=\"title\">Doit-on venir\u00a0\u00e0 tous les cours\u00a0?<\/span><div class=\"right-icon-group\">\n                <div class=\"normal-icon\"><i aria-hidden=\"true\" class=\"fas fa-chevron-down\"><\/i><\/div>\n                <div class=\"active-icon\"><i aria-hidden=\"true\" class=\"fas fa-chevron-up\"><\/i><\/div>\n            <\/div>\n                    <\/a>\n                <\/div>\n                <div class=\"card-expand\" id=\"expand-34c3ab0\" style=\"display:block\"><div class=\"card-body\"><p>Il est possible de venir une fois par semaine, ou 5 fois par semaine, en fonction de votre envie.<\/p><\/div><\/div>\n            <\/div><div class=\"card-wrapper \">\n                <div class=\"card-header\">\n                    <a href=\"#expand-e39f301\" class=\"card-header-button\" aria-expanded=\"false\" data-target=\"#expand-e39f301\" aria-controls=\"expand-e39f301\">\n                        <span class=\"title\">Mon enfant est assez turbulent, pensez-vous que la Boxe\u00a0Fran\u00e7aise peut l\u2019aider\u00a0?<\/span><div class=\"right-icon-group\">\n                <div class=\"normal-icon\"><i aria-hidden=\"true\" class=\"fas fa-chevron-down\"><\/i><\/div>\n                <div class=\"active-icon\"><i aria-hidden=\"true\" class=\"fas fa-chevron-up\"><\/i><\/div>\n            <\/div>\n                    <\/a>\n                <\/div>\n                <div class=\"card-expand\" id=\"expand-e39f301\" style=\"display:none\"><div class=\"card-body\"><p>La\u00a0Boxe Fran\u00e7aise permet de se d\u00e9penser dans le respect de soi, et dans le respect\u00a0des autres. Un code de conduite existe pour les enfants pour la pratique de la\u00a0Boxe Fran\u00e7aise.<\/p><\/div><\/div>\n            <\/div><div class=\"card-wrapper \">\n                <div class=\"card-header\">\n                    <a href=\"#expand-3d243f9\" class=\"card-header-button\" aria-expanded=\"false\" data-target=\"#expand-3d243f9\" aria-controls=\"expand-3d243f9\">\n                        <span class=\"title\">A partir de quel \u00e2ge peut \u00eatre pratiqu\u00e9 la Boxe\u00a0Fran\u00e7aise\u00a0?<\/span><div class=\"right-icon-group\">\n                <div class=\"normal-icon\"><i aria-hidden=\"true\" class=\"fas fa-chevron-down\"><\/i><\/div>\n                <div class=\"active-icon\"><i aria-hidden=\"true\" class=\"fas fa-chevron-up\"><\/i><\/div>\n            <\/div>\n                    <\/a>\n                <\/div>\n                <div class=\"card-expand\" id=\"expand-3d243f9\" style=\"display:none\"><div class=\"card-body\"><p>A partir de 4 ans<\/p><\/div><\/div>\n            <\/div><\/div>\t\t<\/div>\n\t\t\t\t<\/div>\n\t\t\t\t\t<\/div>\n\t\t<\/div>\n\t\t\t\t<div class=\"elementor-column elementor-col-50 elementor-inner-column elementor-element elementor-element-4b69dcc3\" data-id=\"4b69dcc3\" data-element_type=\"column\">\n\t\t\t<div class=\"elementor-widget-wrap elementor-element-populated\">\n\t\t\t\t\t\t\t\t<div class=\"elementor-element elementor-element-3643627c elementor-widget elementor-widget-jkit_accordion\" data-id=\"3643627c\" data-element_type=\"widget\" data-widget_type=\"jkit_accordion.default\">\n\t\t\t\t<div class=\"elementor-widget-container\">\n\t\t\t<div  class=\"jeg-elementor-kit jkit-accordion style-shadow jeg_module__1_69d8182fa5c26\" ><div class=\"card-wrapper \">\n                <div class=\"card-header\">\n                    <a href=\"#expand-8fab880\" class=\"card-header-button\" aria-expanded=\"false\" data-target=\"#expand-8fab880\" aria-controls=\"expand-8fab880\">\n                        <span class=\"title\">Si on arrive\u00a0en cours d\u2019ann\u00e9e, doit-on payer l\u2019ann\u00e9e compl\u00e8te\u00a0?<\/span><div class=\"right-icon-group\">\n                <div class=\"normal-icon\"><i aria-hidden=\"true\" class=\"fas fa-chevron-down\"><\/i><\/div>\n                <div class=\"active-icon\"><i aria-hidden=\"true\" class=\"fas fa-chevron-up\"><\/i><\/div>\n            <\/div>\n                    <\/a>\n                <\/div>\n                <div class=\"card-expand\" id=\"expand-8fab880\" style=\"display:none\"><div class=\"card-body\"><p>Les tarifs sont recalcul\u00e9s au prorata pour chaque trimestre.\u00a0<\/p><\/div><\/div>\n            <\/div><div class=\"card-wrapper \">\n                <div class=\"card-header\">\n                    <a href=\"#expand-c8565b5\" class=\"card-header-button\" aria-expanded=\"false\" data-target=\"#expand-c8565b5\" aria-controls=\"expand-c8565b5\">\n                        <span class=\"title\">Quand doit-on\u00a0rendre le dossier complet\u00a0?<\/span><div class=\"right-icon-group\">\n                <div class=\"normal-icon\"><i aria-hidden=\"true\" class=\"fas fa-chevron-down\"><\/i><\/div>\n                <div class=\"active-icon\"><i aria-hidden=\"true\" class=\"fas fa-chevron-up\"><\/i><\/div>\n            <\/div>\n                    <\/a>\n                <\/div>\n                <div class=\"card-expand\" id=\"expand-c8565b5\" style=\"display:none\"><div class=\"card-body\"><p>Une\u00a0fois la s\u00e9ance d\u2019essai effectu\u00e9e, il faut compl\u00e9ter le dossier en ligne avec les pi\u00e8ces jointes, une\u00a0semaine apr\u00e8s au maximum. Si le dossier n\u2019est pas complet, il faut le sp\u00e9cifier\u00a0\u00e0 l\u2019un des membres du club.<\/p><\/div><\/div>\n            <\/div><div class=\"card-wrapper expand\">\n                <div class=\"card-header\">\n                    <a href=\"#expand-34c3ab0\" class=\"card-header-button\" aria-expanded=\"false\" data-target=\"#expand-34c3ab0\" aria-controls=\"expand-34c3ab0\">\n                        <span class=\"title\">A qui doit-on\u00a0donner le dossier\u00a0?<\/span><div class=\"right-icon-group\">\n                <div class=\"normal-icon\"><i aria-hidden=\"true\" class=\"fas fa-chevron-down\"><\/i><\/div>\n                <div class=\"active-icon\"><i aria-hidden=\"true\" class=\"fas fa-chevron-up\"><\/i><\/div>\n            <\/div>\n                    <\/a>\n                <\/div>\n                <div class=\"card-expand\" id=\"expand-34c3ab0\" style=\"display:block\"><div class=\"card-body\"><p>L'inscription se fait en ligne via l'application Mon Club. Si vous avez des questions, n'h\u00e9sitez pas \u00e0 envoyer un email \u00e0 cergyboxefrancaise@gmail.com<\/p><\/div><\/div>\n            <\/div><div class=\"card-wrapper \">\n                <div class=\"card-header\">\n                    <a href=\"#expand-294b636\" class=\"card-header-button\" aria-expanded=\"false\" data-target=\"#expand-294b636\" aria-controls=\"expand-294b636\">\n                        <span class=\"title\">A quelle date\u00a0est le passage de grade\u00a0?<\/span><div class=\"right-icon-group\">\n                <div class=\"normal-icon\"><i aria-hidden=\"true\" class=\"fas fa-chevron-down\"><\/i><\/div>\n                <div class=\"active-icon\"><i aria-hidden=\"true\" class=\"fas fa-chevron-up\"><\/i><\/div>\n            <\/div>\n                    <\/a>\n                <\/div>\n                <div class=\"card-expand\" id=\"expand-294b636\" style=\"display:none\"><div class=\"card-body\"><p>Environ 2 fois par an, il y a un passage de grades. Les adh\u00e9rents sont inform\u00e9s, soit par email, soit lors des cours, soit sur\u00a0<a href=\"https:\/\/www.facebook.com\/CergyBF\" target=\"_blank\" rel=\"noopener\">Facebook<\/a>,\u00a0<a href=\"https:\/\/www.instagram.com\/cergyboxefrancaise\/?hl=fr\" target=\"_blank\" rel=\"noopener\">Instagram<\/a>\u00a0ou encore sur le site\u00a0<a href=\"https:\/\/xn--cergyboxefranaise-msb.fr\/\" target=\"_blank\" rel=\"noopener\">internet<\/a>.<\/p><\/div><\/div>\n            <\/div><div class=\"card-wrapper \">\n                <div class=\"card-header\">\n                    <a href=\"#expand-2bf5622\" class=\"card-header-button\" aria-expanded=\"false\" data-target=\"#expand-2bf5622\" aria-controls=\"expand-2bf5622\">\n                        <span class=\"title\">Quels sont\u00a0les \u00e9quipements indispensables\u00a0pour la pratique de la Boxe\u00a0Fran\u00e7aise\u00a0?<\/span><div class=\"right-icon-group\">\n                <div class=\"normal-icon\"><i aria-hidden=\"true\" class=\"fas fa-chevron-down\"><\/i><\/div>\n                <div class=\"active-icon\"><i aria-hidden=\"true\" class=\"fas fa-chevron-up\"><\/i><\/div>\n            <\/div>\n                    <\/a>\n                <\/div>\n                <div class=\"card-expand\" id=\"expand-2bf5622\" style=\"display:none\"><div class=\"card-body\"><p>Il faut \u00eatre \u00e9quip\u00e9 au minimum, d\u2019un prot\u00e8ge dents, de gants de boxes, des prot\u00e8ges tibias, des bandes pour les gants de boxes. Pour les gar\u00e7ons, le prot\u00e8ge coquille n\u2019est pas obligatoire mais recommand\u00e9. Pour les filles, le prot\u00e8ge poitrine n\u2019est pas obligatoire, mais recommand\u00e9.<\/p><p>Voir : <a href=\"https:\/\/xn--cergyboxefranaise-msb.fr\/home\/equipements\/\">Equipements<\/a><\/p><\/div><\/div>\n            <\/div><\/div>\t\t<\/div>\n\t\t\t\t<\/div>\n\t\t\t\t\t<\/div>\n\t\t<\/div>\n\t\t\t\t\t\t\t<\/div>\n\t\t<\/section>\n\t\t\t\t\t<\/div>\n\t\t<\/div>\n\t\t\t\t\t\t\t<\/div>\n\t\t<\/section>\n\t\t\t\t<section class=\"elementor-section elementor-top-section elementor-element elementor-element-414df125 elementor-section-boxed elementor-section-height-default elementor-section-height-default\" data-id=\"414df125\" data-element_type=\"section\" data-settings=\"{&quot;background_background&quot;:&quot;classic&quot;}\">\n\t\t\t\t\t\t\t<div class=\"elementor-background-overlay\"><\/div>\n\t\t\t\t\t\t\t<div class=\"elementor-container elementor-column-gap-default\">\n\t\t\t\t\t<div class=\"elementor-column elementor-col-100 elementor-top-column elementor-element elementor-element-736a70b9\" data-id=\"736a70b9\" data-element_type=\"column\">\n\t\t\t<div class=\"elementor-widget-wrap elementor-element-populated\">\n\t\t\t\t\t\t\t\t<div class=\"elementor-element elementor-element-5c4ce0fb animated-slow elementor-widget__width-initial elementor-invisible elementor-widget elementor-widget-heading\" data-id=\"5c4ce0fb\" data-element_type=\"widget\" data-settings=\"{&quot;_animation&quot;:&quot;fadeInLeft&quot;}\" data-widget_type=\"heading.default\">\n\t\t\t\t<div class=\"elementor-widget-container\">\n\t\t\t<h3 class=\"elementor-heading-title elementor-size-default\">OBTENEZ DES NOUVELLES, DES MISES \u00c0 JOUR, DES AVIS D'\u00c9V\u00c9NEMENTS SP\u00c9CIAUX ET PLUS LORSQUE VOUS REJOIGNEZ NOTRE LISTE DE COURRIEL\u200b.<\/h3>\t\t<\/div>\n\t\t\t\t<\/div>\n\t\t\t\t<div class=\"elementor-element elementor-element-1a814802 animated-slow elementor-invisible elementor-widget elementor-widget-jkit_mailchimp\" data-id=\"1a814802\" data-element_type=\"widget\" data-settings=\"{&quot;_animation&quot;:&quot;fadeInRight&quot;}\" data-widget_type=\"jkit_mailchimp.default\">\n\t\t\t\t<div class=\"elementor-widget-container\">\n\t\t\t<div  class=\"jeg-elementor-kit jkit-mailchimp style-inline jeg_module__2_69d8182fa93e5\" ><form method=\"post\" class=\"jkit-mailchimp-form\" data-listed=\"\" data-success-message=\"Successfully listed this email\" data-error-message=\"Un probl\u00e8me est survenu\">\n            <div class=\"jkit-mailchimp-message\"><\/div>\n            <div class=\"jkit-form-wrapper email-form\">\n                <div class=\"jkit-mailchimp-email jkit-input-wrapper input-container\">\n            <div class=\"jkit-form-group\">\n                <div class=\"jkit-input-element-container jkit-input-group\">\n                    <input type=\"email\" name=\"email\" class=\"jkit-email jkit-form-control \" placeholder=\"Votre adresse mail\" required=\"\">\n                <\/div>\n            <\/div>\n        <\/div><div class=\"jkit-submit-input-holder jkit-input-wrapper\">\n            <button type=\"submit\" class=\"jkit-mailchimp-submit position-before\" name=\"jkit-mailchimp\">\n                S&#039;inscrire\n            <\/button>\n        <\/div>\n            <\/div>\n        <\/form><\/div>\t\t<\/div>\n\t\t\t\t<\/div>\n\t\t\t\t\t<\/div>\n\t\t<\/div>\n\t\t\t\t\t\t\t<\/div>\n\t\t<\/section>\n\t\t\t\t\t\t\t<\/div>\n\t\t","protected":false},"excerpt":{"rendered":"<p>FAQ Home FAQ Foire Aux Questions Quand faut-il\u00a0venir pour les cours\u00a0? Il faut venir environ 15 min avant le d\u00e9but du cours, pour\u00a0pouvoir se changer si besoin dans les vestiaires. A quelle\u00a0heure sont les cours\u00a0? Cours Boxe Fran\u00e7aise adultes loisirs :\u00a0 lundi, mercredi et jeudi de 20h \u00e0 22h. Cours Boxe Fran\u00e7aise adultes comp\u00e9titeurs : [&hellip;]<\/p>\n","protected":false},"author":1,"featured_media":0,"parent":0,"menu_order":0,"comment_status":"closed","ping_status":"closed","template":"elementor_header_footer","meta":{"footnotes":""},"_links":{"self":[{"href":"https:\/\/xn--cergyboxefranaise-msb.fr\/home\/wp-json\/wp\/v2\/pages\/209"}],"collection":[{"href":"https:\/\/xn--cergyboxefranaise-msb.fr\/home\/wp-json\/wp\/v2\/pages"}],"about":[{"href":"https:\/\/xn--cergyboxefranaise-msb.fr\/home\/wp-json\/wp\/v2\/types\/page"}],"author":[{"embeddable":true,"href":"https:\/\/xn--cergyboxefranaise-msb.fr\/home\/wp-json\/wp\/v2\/users\/1"}],"replies":[{"embeddable":true,"href":"https:\/\/xn--cergyboxefranaise-msb.fr\/home\/wp-json\/wp\/v2\/comments?post=209"}],"version-history":[{"count":54,"href":"https:\/\/xn--cergyboxefranaise-msb.fr\/home\/wp-json\/wp\/v2\/pages\/209\/revisions"}],"predecessor-version":[{"id":27305,"href":"https:\/\/xn--cergyboxefranaise-msb.fr\/home\/wp-json\/wp\/v2\/pages\/209\/revisions\/27305"}],"wp:attachment":[{"href":"https:\/\/xn--cergyboxefranaise-msb.fr\/home\/wp-json\/wp\/v2\/media?parent=209"}],"curies":[{"name":"wp","href":"https:\/\/api.w.org\/{rel}","templated":true}]}}