{"id":5635,"date":"2023-08-24T14:43:09","date_gmt":"2023-08-24T14:43:09","guid":{"rendered":"https:\/\/xn--cergyboxefranaise-msb.fr\/home\/?page_id=5635"},"modified":"2025-12-19T13:47:05","modified_gmt":"2025-12-19T13:47:05","slug":"photos","status":"publish","type":"page","link":"https:\/\/xn--cergyboxefranaise-msb.fr\/home\/photos\/","title":{"rendered":"Photos"},"content":{"rendered":"\t\t<div data-elementor-type=\"wp-page\" data-elementor-id=\"5635\" class=\"elementor elementor-5635\">\n\t\t\t\t\t\t\t\t\t<section class=\"elementor-section elementor-top-section elementor-element elementor-element-6f0e20b elementor-section-boxed elementor-section-height-default elementor-section-height-default\" data-id=\"6f0e20b\" data-element_type=\"section\" data-settings=\"{&quot;background_background&quot;:&quot;classic&quot;}\">\n\t\t\t\t\t\t\t<div class=\"elementor-background-overlay\"><\/div>\n\t\t\t\t\t\t\t<div class=\"elementor-container elementor-column-gap-default\">\n\t\t\t\t\t<div class=\"elementor-column elementor-col-100 elementor-top-column elementor-element elementor-element-f184d51\" data-id=\"f184d51\" data-element_type=\"column\">\n\t\t\t<div class=\"elementor-widget-wrap elementor-element-populated\">\n\t\t\t\t\t\t\t\t<div class=\"elementor-element elementor-element-2c543ee elementor-widget elementor-widget-heading\" data-id=\"2c543ee\" data-element_type=\"widget\" data-widget_type=\"heading.default\">\n\t\t\t\t<div class=\"elementor-widget-container\">\n\t\t\t<style>\/*! elementor - v3.15.0 - 20-08-2023 *\/\n.elementor-heading-title{padding:0;margin:0;line-height:1}.elementor-widget-heading .elementor-heading-title[class*=elementor-size-]>a{color:inherit;font-size:inherit;line-height:inherit}.elementor-widget-heading .elementor-heading-title.elementor-size-small{font-size:15px}.elementor-widget-heading .elementor-heading-title.elementor-size-medium{font-size:19px}.elementor-widget-heading .elementor-heading-title.elementor-size-large{font-size:29px}.elementor-widget-heading .elementor-heading-title.elementor-size-xl{font-size:39px}.elementor-widget-heading .elementor-heading-title.elementor-size-xxl{font-size:59px}<\/style><h2 class=\"elementor-heading-title elementor-size-default\">Notre Album<\/h2>\t\t<\/div>\n\t\t\t\t<\/div>\n\t\t\t\t<div class=\"elementor-element elementor-element-160268d elementor-icon-list--layout-inline elementor-align-center elementor-list-item-link-full_width elementor-widget elementor-widget-icon-list\" data-id=\"160268d\" data-element_type=\"widget\" data-widget_type=\"icon-list.default\">\n\t\t\t\t<div class=\"elementor-widget-container\">\n\t\t\t<link rel=\"stylesheet\" href=\"https:\/\/xn--cergyboxefranaise-msb.fr\/wp-content\/plugins\/elementor\/assets\/css\/widget-icon-list.min.css\">\t\t<ul class=\"elementor-icon-list-items elementor-inline-items\">\n\t\t\t\t\t\t\t<li class=\"elementor-icon-list-item elementor-inline-item\">\n\t\t\t\t\t\t\t\t\t\t\t<a href=\"\/home\">\n\n\t\t\t\t\t\t\t\t\t\t\t<span class=\"elementor-icon-list-text\">Accueil<\/span>\n\t\t\t\t\t\t\t\t\t\t\t<\/a>\n\t\t\t\t\t\t\t\t\t<\/li>\n\t\t\t\t\t\t\t\t<li class=\"elementor-icon-list-item elementor-inline-item\">\n\t\t\t\t\t\t\t\t\t\t\t<span class=\"elementor-icon-list-icon\">\n\t\t\t\t\t\t\t<i aria-hidden=\"true\" class=\"fas fa-chevron-right\"><\/i>\t\t\t\t\t\t<\/span>\n\t\t\t\t\t\t\t\t\t\t<span class=\"elementor-icon-list-text\">Album<\/span>\n\t\t\t\t\t\t\t\t\t<\/li>\n\t\t\t\t\t\t<\/ul>\n\t\t\t\t<\/div>\n\t\t\t\t<\/div>\n\t\t\t\t\t<\/div>\n\t\t<\/div>\n\t\t\t\t\t\t\t<\/div>\n\t\t<\/section>\n\t\t\t\t<section class=\"elementor-section elementor-top-section elementor-element elementor-element-1c2c5f5 elementor-section-boxed elementor-section-height-default elementor-section-height-default\" data-id=\"1c2c5f5\" data-element_type=\"section\">\n\t\t\t\t\t\t<div class=\"elementor-container elementor-column-gap-default\">\n\t\t\t\t\t<div class=\"elementor-column elementor-col-100 elementor-top-column elementor-element elementor-element-d0cbe6a\" data-id=\"d0cbe6a\" data-element_type=\"column\">\n\t\t\t<div class=\"elementor-widget-wrap\">\n\t\t\t\t\t\t\t\t\t<\/div>\n\t\t<\/div>\n\t\t\t\t\t\t\t<\/div>\n\t\t<\/section>\n\t\t\t\t<section class=\"elementor-section elementor-top-section elementor-element elementor-element-0a75fa6 elementor-section-boxed elementor-section-height-default elementor-section-height-default\" data-id=\"0a75fa6\" data-element_type=\"section\">\n\t\t\t\t\t\t<div class=\"elementor-container elementor-column-gap-default\">\n\t\t\t\t\t<div class=\"elementor-column elementor-col-100 elementor-top-column elementor-element elementor-element-185a4d2\" data-id=\"185a4d2\" data-element_type=\"column\">\n\t\t\t<div class=\"elementor-widget-wrap elementor-element-populated\">\n\t\t\t\t\t\t\t\t<div class=\"elementor-element elementor-element-5c77ea0 elementor-widget elementor-widget-image-box\" data-id=\"5c77ea0\" data-element_type=\"widget\" data-widget_type=\"image-box.default\">\n\t\t\t\t<div class=\"elementor-widget-container\">\n\t\t\t<style>\/*! elementor - v3.15.0 - 20-08-2023 *\/\n.elementor-widget-image-box .elementor-image-box-content{width:100%}@media (min-width:768px){.elementor-widget-image-box.elementor-position-left .elementor-image-box-wrapper,.elementor-widget-image-box.elementor-position-right .elementor-image-box-wrapper{display:flex}.elementor-widget-image-box.elementor-position-right .elementor-image-box-wrapper{text-align:right;flex-direction:row-reverse}.elementor-widget-image-box.elementor-position-left .elementor-image-box-wrapper{text-align:left;flex-direction:row}.elementor-widget-image-box.elementor-position-top .elementor-image-box-img{margin:auto}.elementor-widget-image-box.elementor-vertical-align-top .elementor-image-box-wrapper{align-items:flex-start}.elementor-widget-image-box.elementor-vertical-align-middle .elementor-image-box-wrapper{align-items:center}.elementor-widget-image-box.elementor-vertical-align-bottom .elementor-image-box-wrapper{align-items:flex-end}}@media (max-width:767px){.elementor-widget-image-box .elementor-image-box-img{margin-left:auto!important;margin-right:auto!important;margin-bottom:15px}}.elementor-widget-image-box .elementor-image-box-img{display:inline-block}.elementor-widget-image-box .elementor-image-box-title a{color:inherit}.elementor-widget-image-box .elementor-image-box-wrapper{text-align:center}.elementor-widget-image-box .elementor-image-box-description{margin:0}<\/style><div class=\"elementor-image-box-wrapper\"><div class=\"elementor-image-box-content\"><h3 class=\"elementor-image-box-title\"><a href=\"https:\/\/xn--cergyboxefranaise-msb.fr\/home\/2023-2024\/\">2023\/2024<\/a><\/h3><\/div><\/div>\t\t<\/div>\n\t\t\t\t<\/div>\n\t\t\t\t<div class=\"elementor-element elementor-element-8e1fbc9 elementor-widget elementor-widget-jkit_portfolio_gallery\" data-id=\"8e1fbc9\" data-element_type=\"widget\" data-widget_type=\"jkit_portfolio_gallery.default\">\n\t\t\t\t<div class=\"elementor-widget-container\">\n\t\t\t<div  class=\"jeg-elementor-kit jkit-portfolio-gallery on-hover jeg_module___69d2d27f23899\" ><div class=\"portfolio-gallery-container\">\n            <div class=\"row-items\"><div class=\"row-item elementor-repeater-item-b7342f2 current-item\" data-tab=\"portfolio-gallery-tab-0\"><div class=\"row-item-info\">\n            <p class=\"info-subtitle\">competition<\/p>\n            <h2 class=\"info-title\">competition<\/h2>\n        <\/div><div class=\"row-item-more position-after\"><a href=\"\/home\/competition\"  >En voir plus<i aria-hidden=\"true\" class=\"fas fa-angle-right\"><\/i><\/a><\/div><\/div><div class=\"row-item elementor-repeater-item-9e14700 \" data-tab=\"portfolio-gallery-tab-1\"><div class=\"row-item-info\">\n            <p class=\"info-subtitle\">interclub<\/p>\n            <h2 class=\"info-title\">interclub<\/h2>\n        <\/div><div class=\"row-item-more position-after\"><a href=\"\/home\/photos\/interclub\"  >En voir plus<i aria-hidden=\"true\" class=\"fas fa-angle-right\"><\/i><\/a><\/div><\/div><div class=\"row-item elementor-repeater-item-1af1a23 \" data-tab=\"portfolio-gallery-tab-2\"><div class=\"row-item-info\">\n            <p class=\"info-subtitle\">\u00e9v\u00e8nement<\/p>\n            <h2 class=\"info-title\">\u00e9v\u00e8nement<\/h2>\n        <\/div><div class=\"row-item-more position-after\"><a href=\"https:\/\/cergyboxefran\u00e7aise.fr\/home\/evenement\/\"  >En voir plus<i aria-hidden=\"true\" class=\"fas fa-angle-right\"><\/i><\/a><\/div><\/div><div class=\"row-item elementor-repeater-item-8375950 \" data-tab=\"portfolio-gallery-tab-3\"><div class=\"row-item-info\">\n            <p class=\"info-subtitle\">club<\/p>\n            <h2 class=\"info-title\">club<\/h2>\n        <\/div><div class=\"row-item-more position-after\"><a href=\"https:\/\/cergyboxefran\u00e7aise.fr\/home\/sortie\/\"  >En voir plus<i aria-hidden=\"true\" class=\"fas fa-angle-right\"><\/i><\/a><\/div><\/div><div class=\"row-item elementor-repeater-item-39e7586 \" data-tab=\"portfolio-gallery-tab-4\"><div class=\"row-item-info\">\n            <p class=\"info-subtitle\">A l&#039;ancienne<\/p>\n            <h2 class=\"info-title\">A l&#039;ancienne<\/h2>\n        <\/div><div class=\"row-item-more position-after\"><a href=\"https:\/\/cergyboxefran\u00e7aise.fr\/home\/a-lencienne\/\"  >En voir plus<i aria-hidden=\"true\" class=\"fas fa-angle-right\"><\/i><\/a><\/div><\/div><\/div>\n            <div class=\"gallery-items\"><div id=\"portfolio-gallery-tab-0\" class=\"image-item current-item\" data-background=\"https:\/\/xn--cergyboxefranaise-msb.fr\/wp-content\/uploads\/2023\/08\/347243410_235166689234609_3567468931610350419_n.jpg\" style=\"background-image:url(https:\/\/xn--cergyboxefranaise-msb.fr\/wp-content\/uploads\/2023\/08\/347243410_235166689234609_3567468931610350419_n.jpg);\"><\/div><div id=\"portfolio-gallery-tab-1\" class=\"image-item \" data-background=\"https:\/\/xn--cergyboxefranaise-msb.fr\/wp-content\/uploads\/2023\/08\/IMG_20220425_215558-scaled.jpg\" style=\"background-image:url(https:\/\/xn--cergyboxefranaise-msb.fr\/wp-content\/uploads\/2023\/08\/IMG_20220425_215558-scaled.jpg);\"><\/div><div id=\"portfolio-gallery-tab-2\" class=\"image-item \" data-background=\"https:\/\/xn--cergyboxefranaise-msb.fr\/wp-content\/uploads\/2023\/08\/251435192_4579746725382072_11667719893272607_n.jpg\" style=\"background-image:url(https:\/\/xn--cergyboxefranaise-msb.fr\/wp-content\/uploads\/2023\/08\/251435192_4579746725382072_11667719893272607_n.jpg);\"><\/div><div id=\"portfolio-gallery-tab-3\" class=\"image-item \" data-background=\"https:\/\/xn--cergyboxefranaise-msb.fr\/wp-content\/uploads\/2023\/08\/2023-01-07-Savate_IDF-075-scaled.jpg\" style=\"background-image:url(https:\/\/xn--cergyboxefranaise-msb.fr\/wp-content\/uploads\/2023\/08\/2023-01-07-Savate_IDF-075-scaled.jpg);\"><\/div><div id=\"portfolio-gallery-tab-4\" class=\"image-item \" data-background=\"https:\/\/xn--cergyboxefranaise-msb.fr\/wp-content\/uploads\/2023\/08\/2011_05_07_Savate_elite_A_037-scaled.jpg\" style=\"background-image:url(https:\/\/xn--cergyboxefranaise-msb.fr\/wp-content\/uploads\/2023\/08\/2011_05_07_Savate_elite_A_037-scaled.jpg);\"><\/div><\/div>\n        <\/div><\/div>\t\t<\/div>\n\t\t\t\t<\/div>\n\t\t\t\t\t<\/div>\n\t\t<\/div>\n\t\t\t\t\t\t\t<\/div>\n\t\t<\/section>\n\t\t\t\t\t\t\t<\/div>\n\t\t","protected":false},"excerpt":{"rendered":"<p>Notre Album Accueil Album 2023\/2024 competition competition En voir plus interclub interclub En voir plus \u00e9v\u00e8nement \u00e9v\u00e8nement En voir plus club club En voir plus A l&#039;ancienne A l&#039;ancienne En voir plus<\/p>\n","protected":false},"author":1,"featured_media":0,"parent":0,"menu_order":0,"comment_status":"closed","ping_status":"closed","template":"elementor_header_footer","meta":{"footnotes":""},"_links":{"self":[{"href":"https:\/\/xn--cergyboxefranaise-msb.fr\/home\/wp-json\/wp\/v2\/pages\/5635"}],"collection":[{"href":"https:\/\/xn--cergyboxefranaise-msb.fr\/home\/wp-json\/wp\/v2\/pages"}],"about":[{"href":"https:\/\/xn--cergyboxefranaise-msb.fr\/home\/wp-json\/wp\/v2\/types\/page"}],"author":[{"embeddable":true,"href":"https:\/\/xn--cergyboxefranaise-msb.fr\/home\/wp-json\/wp\/v2\/users\/1"}],"replies":[{"embeddable":true,"href":"https:\/\/xn--cergyboxefranaise-msb.fr\/home\/wp-json\/wp\/v2\/comments?post=5635"}],"version-history":[{"count":64,"href":"https:\/\/xn--cergyboxefranaise-msb.fr\/home\/wp-json\/wp\/v2\/pages\/5635\/revisions"}],"predecessor-version":[{"id":27220,"href":"https:\/\/xn--cergyboxefranaise-msb.fr\/home\/wp-json\/wp\/v2\/pages\/5635\/revisions\/27220"}],"wp:attachment":[{"href":"https:\/\/xn--cergyboxefranaise-msb.fr\/home\/wp-json\/wp\/v2\/media?parent=5635"}],"curies":[{"name":"wp","href":"https:\/\/api.w.org\/{rel}","templated":true}]}}